{"id":1850,"date":"2024-02-11T03:53:05","date_gmt":"2024-02-11T00:53:05","guid":{"rendered":"https:\/\/msi-trans.com\/?page_id=1850"},"modified":"2026-02-05T20:23:06","modified_gmt":"2026-02-05T17:23:06","slug":"minivan-ulasim","status":"publish","type":"page","link":"https:\/\/msi-trans.com\/tr\/all-services\/minivan-transportation\/","title":{"rendered":"Minivan Ta\u015f\u0131mac\u0131l\u0131\u011f\u0131"},"content":{"rendered":"\t\t<div data-elementor-type=\"wp-page\" data-elementor-id=\"1850\" class=\"elementor elementor-1850\" data-elementor-post-type=\"page\">\n\t\t\t\t<div class=\"elementor-element elementor-element-5c7b754a e-flex e-con-boxed e-con e-parent\" data-id=\"5c7b754a\" data-element_type=\"container\" data-e-type=\"container\" data-settings=\"{&quot;background_background&quot;:&quot;classic&quot;}\">\n\t\t\t\t\t<div class=\"e-con-inner\">\n\t\t<div class=\"elementor-element elementor-element-28ebcbbd e-con-full e-flex e-con e-child\" data-id=\"28ebcbbd\" data-element_type=\"container\" data-e-type=\"container\">\n\t\t\t\t<div class=\"elementor-element elementor-element-49a48c73 lqd-text-tag-h6 elementor-widget elementor-widget-lqd-text\" data-id=\"49a48c73\" data-element_type=\"widget\" data-e-type=\"widget\" data-widget_type=\"lqd-text.default\">\n\t\t\t\t<div class=\"elementor-widget-container\">\n\t\t\t\t\t<h6 class=\"lqd-text-el m-0 p-0\"><span class=\"lqd-text-item relative elementor-repeater-item-0b61a50\">MS\u0130-TRANS LOGICTICS<\/span><\/h6>\t\t\t\t<\/div>\n\t\t\t\t<\/div>\n\t\t\t\t<div class=\"elementor-element elementor-element-e9f4fab elementor-widget__width-inherit lqd-text-tag-h2 elementor-widget elementor-widget-lqd-text\" data-id=\"e9f4fab\" data-element_type=\"widget\" data-e-type=\"widget\" data-widget_type=\"lqd-text.default\">\n\t\t\t\t<div class=\"elementor-widget-container\">\n\t\t\t\t\t<h2 class=\"lqd-text-el m-0 p-0\"><span class=\"ez-toc-section\" id=\"Express-Minivan-Transportation\"><\/span><span class=\"lqd-text-item relative elementor-repeater-item-5de484c block\">Express Minivan Transportation<\/span><span class=\"ez-toc-section-end\"><\/span><\/h2>\t\t\t\t<\/div>\n\t\t\t\t<\/div>\n\t\t\t\t<div class=\"elementor-element elementor-element-5bf188e8 lqd-text-tag-p elementor-widget-tablet__width-inherit elementor-widget elementor-widget-lqd-text\" data-id=\"5bf188e8\" data-element_type=\"widget\" data-e-type=\"widget\" data-widget_type=\"lqd-text.default\">\n\t\t\t\t<div class=\"elementor-widget-container\">\n\t\t\t\t\t<p class=\"lqd-text-el m-0 p-0\"><span class=\"lqd-text-item relative elementor-repeater-item-46b07e3\">\"Little Giant: Minivan Transportation, Big Solutions!\"<\/span><\/p>\t\t\t\t<\/div>\n\t\t\t\t<\/div>\n\t\t\t\t<\/div>\n\t\t<div class=\"elementor-element elementor-element-34e95054 e-con-full e-flex e-con e-child\" data-id=\"34e95054\" data-element_type=\"container\" data-e-type=\"container\">\n\t\t<div class=\"elementor-element elementor-element-7857a14 e-con-full e-flex e-con e-child\" data-id=\"7857a14\" data-element_type=\"container\" data-e-type=\"container\">\n\t\t<div class=\"elementor-element elementor-element-33b0555b e-con-full e-flex e-con e-child\" data-id=\"33b0555b\" data-element_type=\"container\" data-e-type=\"container\">\n\t\t\t\t<div class=\"elementor-element elementor-element-b8adf6f lqd-text-tag-h4 elementor-widget__width-initial elementor-widget elementor-widget-lqd-text\" data-id=\"b8adf6f\" data-element_type=\"widget\" data-e-type=\"widget\" data-widget_type=\"lqd-text.default\">\n\t\t\t\t<div class=\"elementor-widget-container\">\n\t\t\t\t\t<h4 class=\"lqd-text-el m-0 p-0\"><span class=\"lqd-text-item relative elementor-repeater-item-5c16c9a\">To enable faster deliveries to European countries, we offer Express Minivan Transportation as an alternative to air freight. This allows us to shorten distances and complete shipments in a short time.<\/span><\/h4>\t\t\t\t<\/div>\n\t\t\t\t<\/div>\n\t\t<style>.elementor-element-b8adf6f {\n   transform: translate3d(0px,30px,0px) scale(1, 1) rotateX(0deg) rotateY(0deg) rotateZ(0deg) skew(0deg, 0deg);\n   opacity: 0;\n}\n<\/style><script>\n\t\twindow.liquid.behaviors.push( {\n\t\t\tdataId: \"b8adf6f\",\n\t\t\tbehaviors:[\n\t\t\t\t{behaviorName:'liquidGetElementComputedStyles',options:{includeSelf:true,getRect:true,addGhosts:true}},{behaviorName:'liquidAnimations',options:{domain:'inview',trigger:'ghost',duration:0.65,ease:'expo.out',stagger:{each:0.065,from:'start'},delay:0.3,start:'top+=30px bottom',startElementOffset:0,startViewportOffset:0,animations:[{elements:'self',breakpointsKeyframes:{all:{keyframes:[{scaleX:1,scaleY:1,skewX:0,skewY:0,x:'0px',y:'0px',z:'0px',rotateX:0,rotateY:0,rotateZ:0,opacity:1}]}}}]}},\n\t\t\t]\n\t\t} );\n\t\t\n\t\t<\/script>\t\t<div class=\"elementor-element elementor-element-51a4aa15 lqd-text-tag-p elementor-widget__width-initial elementor-widget elementor-widget-lqd-text\" data-id=\"51a4aa15\" data-element_type=\"widget\" data-e-type=\"widget\" data-widget_type=\"lqd-text.default\">\n\t\t\t\t<div class=\"elementor-widget-container\">\n\t\t\t\t\t<p class=\"lqd-text-el m-0 p-0\"><span class=\"lqd-text-item relative elementor-repeater-item-5c16c9a\">We offer a shipping service between Turkey and Europe that rivals air freight in speed, guaranteeing the quality and timeliness of our deliveries. Thanks to our dedicated fleet of vehicles with a maximum capacity of 5 EURO pallets (80x120) and 1200 kg, we can deliver within 48 hours, depending on the distance. Furthermore, our GPS satellite tracking system allows us to monitor the location of our vehicles 24\/7.<\/span><\/p>\t\t\t\t<\/div>\n\t\t\t\t<\/div>\n\t\t<style>.elementor-element-51a4aa15 {\n   transform: translate3d(0px,30px,0px) scale(1, 1) rotateX(0deg) rotateY(0deg) rotateZ(0deg) skew(0deg, 0deg);\n   opacity: 0;\n}\n<\/style><script>\n\t\twindow.liquid.behaviors.push( {\n\t\t\tdataId: \"51a4aa15\",\n\t\t\tbehaviors:[\n\t\t\t\t{behaviorName:'liquidGetElementComputedStyles',options:{includeSelf:true,getRect:true,addGhosts:true}},{behaviorName:'liquidAnimations',options:{domain:'inview',trigger:'ghost',duration:0.65,ease:'expo.out',stagger:{each:0.065,from:'start'},delay:0.5,start:'top+=30px bottom',startElementOffset:0,startViewportOffset:0,animations:[{elements:'self',breakpointsKeyframes:{all:{keyframes:[{scaleX:1,scaleY:1,skewX:0,skewY:0,x:'0px',y:'0px',z:'0px',rotateX:0,rotateY:0,rotateZ:0,opacity:1}]}}}]}},\n\t\t\t]\n\t\t} );\n\t\t\n\t\t<\/script>\t\t<\/div>\n\t\t\t\t<\/div>\n\t\t\t\t<\/div>\n\t\t\t\t\t<\/div>\n\t\t\t\t<\/div>\n\t\t<div class=\"elementor-element elementor-element-659af96d e-flex e-con-boxed e-con e-parent\" data-id=\"659af96d\" data-element_type=\"container\" data-e-type=\"container\" data-settings=\"{&quot;background_background&quot;:&quot;classic&quot;}\">\n\t\t\t\t\t<div class=\"e-con-inner\">\n\t\t<div class=\"elementor-element elementor-element-b386cee e-flex e-con-boxed e-con e-child\" data-id=\"b386cee\" data-element_type=\"container\" data-e-type=\"container\" data-settings=\"{&quot;background_background&quot;:&quot;classic&quot;}\">\n\t\t\t\t\t<div class=\"e-con-inner\">\n\t\t\t\t<div class=\"elementor-element elementor-element-5ee9ec4 elementor-widget__width-initial elementor-widget elementor-widget-lqd-image\" data-id=\"5ee9ec4\" data-element_type=\"widget\" data-e-type=\"widget\" data-widget_type=\"lqd-image.default\">\n\t\t\t\t<div class=\"elementor-widget-container\">\n\t\t\t\t\t\n\t\t<figure class=\"inline-block relative align-middle overflow-hidden lqd-transform-perspective transition-colors\" data-lqd-look-at-mouse data-lqd-hover3d-el>\n\n\t\t\t\n\t\t\t\t\n\t\t\t\t<img fetchpriority=\"high\" decoding=\"async\" width=\"958\" height=\"500\" src=\"https:\/\/msi-trans.com\/wp-content\/uploads\/2024\/02\/minivan1.jpg\" class=\"attachment-full size-full wp-image-2094\" alt=\"\" srcset=\"https:\/\/msi-trans.com\/wp-content\/uploads\/2024\/02\/minivan1.jpg 958w, https:\/\/msi-trans.com\/wp-content\/uploads\/2024\/02\/minivan1-300x157.jpg 300w, https:\/\/msi-trans.com\/wp-content\/uploads\/2024\/02\/minivan1-18x9.jpg 18w\" sizes=\"(max-width: 958px) 100vw, 958px\" title=\"\">\n\t\t\t\t\n\t\t\t\t\n\t\t\t\t\n\t\t\t\n\t\t\t\n\t\t<\/figure>\n\n\t\t\t\t\t\t<\/div>\n\t\t\t\t<\/div>\n\t\t<div class=\"elementor-element elementor-element-6796771 e-con-full e-flex e-con e-child\" data-id=\"6796771\" data-element_type=\"container\" data-e-type=\"container\">\n\t\t\t\t<div class=\"elementor-element elementor-element-717d3a9 lqd-box-image-top elementor-widget elementor-widget-lqd-box lqd-widget-container-flex lqd-group-box\" data-id=\"717d3a9\" data-element_type=\"widget\" data-e-type=\"widget\" data-widget_type=\"lqd-box.default\">\n\t\t\t\t<div class=\"elementor-widget-container\">\n\t\t\t\t\t\n\t\t<div class=\"lqd-box-content relative z-1 transition-all grow\">\n\n\t\t\t\n\t\t\t<h2 class=\"items-center relative mb-0 transition-effects lqd-box-title\"><span class=\"ez-toc-section\" id=\"Partial-Load-Minivan-Transportation\"><\/span>Partial Load Minivan Transportation<span class=\"ez-toc-section-end\"><\/span><\/h2>\n\t\t<div class=\"relative transition-effects lqd-box-description\"><p>At MSI-Trans Logistics, we offer our customers partial minivan transportation services. This service is an efficient transportation method that enables the delivery of small-volume materials to multiple recipients in a single shipment. With partial minivan transportation, our customers can both reduce costs and shorten delivery times. Prioritizing customer satisfaction, we strive to provide the best service in partial minivan transportation with our expert teams. The safety of your materials during transportation is important to us, therefore they are carefully prepared, loaded, and delivered. As MSI-Trans Logistics, we help our customers simplify their operations by providing our partial minivan transportation service professionally and reliably.<\/p><\/div>\n\n\t\t\n\t\t<\/div>\n\n\t\t\t\t\t\t<\/div>\n\t\t\t\t<\/div>\n\t\t\t\t<\/div>\n\t\t\t\t\t<\/div>\n\t\t\t\t<\/div>\n\t\t\t\t\t<\/div>\n\t\t\t\t<\/div>\n\t\t\t\t<\/div>\n\t\t","protected":false},"excerpt":{"rendered":"<p>MS\u0130-TRANS LOGICTICS Express Minivan Transportation &#8220;Little Giant: Minivan Transportation, Big Solutions!&#8221; To enable faster deliveries to European countries, we offer Express Minivan Transportation as an alternative to air freight. This allows us to shorten distances and complete shipments in a short time. We offer a shipping service between Turkey and Europe that rivals air freight [&hellip;]<\/p>\n","protected":false},"author":4,"featured_media":0,"parent":996,"menu_order":0,"comment_status":"closed","ping_status":"closed","template":"","meta":{"footnotes":""},"class_list":["post-1850","page","type-page","status-publish","hentry"],"_links":{"self":[{"href":"https:\/\/msi-trans.com\/tr\/wp-json\/wp\/v2\/pages\/1850","targetHints":{"allow":["GET"]}}],"collection":[{"href":"https:\/\/msi-trans.com\/tr\/wp-json\/wp\/v2\/pages"}],"about":[{"href":"https:\/\/msi-trans.com\/tr\/wp-json\/wp\/v2\/types\/page"}],"author":[{"embeddable":true,"href":"https:\/\/msi-trans.com\/tr\/wp-json\/wp\/v2\/users\/4"}],"replies":[{"embeddable":true,"href":"https:\/\/msi-trans.com\/tr\/wp-json\/wp\/v2\/comments?post=1850"}],"version-history":[{"count":0,"href":"https:\/\/msi-trans.com\/tr\/wp-json\/wp\/v2\/pages\/1850\/revisions"}],"up":[{"embeddable":true,"href":"https:\/\/msi-trans.com\/tr\/wp-json\/wp\/v2\/pages\/996"}],"wp:attachment":[{"href":"https:\/\/msi-trans.com\/tr\/wp-json\/wp\/v2\/media?parent=1850"}],"curies":[{"name":"wp","href":"https:\/\/api.w.org\/{rel}","templated":true}]}}