{"id":3252,"date":"2026-03-04T10:17:13","date_gmt":"2026-03-04T07:17:13","guid":{"rendered":"https:\/\/msi-trans.com\/?page_id=3252"},"modified":"2026-03-04T10:17:13","modified_gmt":"2026-03-04T07:17:13","slug":"ugyfelszolgalati-sablon","status":"publish","type":"page","link":"https:\/\/msi-trans.com\/hu\/custom-service-template\/","title":{"rendered":"\u00dcgyf\u00e9lszolg\u00e1lati sablon"},"content":{"rendered":"","protected":false},"excerpt":{"rendered":"","protected":false},"author":4,"featured_media":0,"parent":0,"menu_order":0,"comment_status":"closed","ping_status":"closed","template":"","meta":{"footnotes":""},"class_list":["post-3252","page","type-page","status-publish","hentry"],"_links":{"self":[{"href":"https:\/\/msi-trans.com\/hu\/wp-json\/wp\/v2\/pages\/3252","targetHints":{"allow":["GET"]}}],"collection":[{"href":"https:\/\/msi-trans.com\/hu\/wp-json\/wp\/v2\/pages"}],"about":[{"href":"https:\/\/msi-trans.com\/hu\/wp-json\/wp\/v2\/types\/page"}],"author":[{"embeddable":true,"href":"https:\/\/msi-trans.com\/hu\/wp-json\/wp\/v2\/users\/4"}],"replies":[{"embeddable":true,"href":"https:\/\/msi-trans.com\/hu\/wp-json\/wp\/v2\/comments?post=3252"}],"version-history":[{"count":0,"href":"https:\/\/msi-trans.com\/hu\/wp-json\/wp\/v2\/pages\/3252\/revisions"}],"wp:attachment":[{"href":"https:\/\/msi-trans.com\/hu\/wp-json\/wp\/v2\/media?parent=3252"}],"curies":[{"name":"wp","href":"https:\/\/api.w.org\/{rel}","templated":true}]}}